{"id":79,"date":"2020-07-01T23:27:09","date_gmt":"2020-07-01T21:27:09","guid":{"rendered":"http:\/\/traqueursdimages.fr\/?page_id=79"},"modified":"2020-08-23T11:58:59","modified_gmt":"2020-08-23T09:58:59","slug":"nous-contacter","status":"publish","type":"page","link":"https:\/\/traqueursdimages.fr\/index.php\/nous-contacter\/","title":{"rendered":"Nous contacter"},"content":{"rendered":"\n<p>Club photo \u00ab\u00a0Traqueurs d&rsquo;images\u00a0\u00bb<br>Salle Doyon &nbsp;(\u00e0 c\u00f4t\u00e9 de la gare)<br>38840 Saint-Hilaire-du-Rosier<br>T\u00e9l:&nbsp;06 77 93 96 98<br>Mail: traqueur38@gmail.com<\/p>\n\n\n\n<iframe loading=\"lazy\" src=\"https:\/\/www.google.com\/maps\/embed?pb=!1m18!1m12!1m3!1d471.7409273139821!2d5.243105944545202!3d45.07076597458365!2m3!1f0!2f0!3f0!3m2!1i1024!2i768!4f13.1!3m3!1m2!1s0x478ab08b9ce6ff45%3A0x7ccc198fa78bd11f!2zNDXCsDA0JzE0LjgiTiA1wrAxNCczNS42IkU!5e1!3m2!1sfr!2sfr!4v1598176487160!5m2!1sfr!2sfr\" width=\"600\" height=\"450\" frameborder=\"0\" style=\"border:0;\" allowfullscreen=\"\" aria-hidden=\"false\" tabindex=\"0\"><\/iframe>\n\n\n\n<p><\/p>\n","protected":false},"excerpt":{"rendered":"<p>Club photo \u00ab\u00a0Traqueurs d&rsquo;images\u00a0\u00bbSalle Doyon &nbsp;(\u00e0 c\u00f4t\u00e9 de la gare)38840 Saint-Hilaire-du-RosierT\u00e9l:&nbsp;06 77 93 96 98Mail: traqueur38@gmail.com<\/p>\n","protected":false},"author":1,"featured_media":0,"parent":0,"menu_order":0,"comment_status":"closed","ping_status":"closed","template":"","meta":{"footnotes":""},"class_list":["post-79","page","type-page","status-publish","hentry"],"_links":{"self":[{"href":"https:\/\/traqueursdimages.fr\/index.php\/wp-json\/wp\/v2\/pages\/79","targetHints":{"allow":["GET"]}}],"collection":[{"href":"https:\/\/traqueursdimages.fr\/index.php\/wp-json\/wp\/v2\/pages"}],"about":[{"href":"https:\/\/traqueursdimages.fr\/index.php\/wp-json\/wp\/v2\/types\/page"}],"author":[{"embeddable":true,"href":"https:\/\/traqueursdimages.fr\/index.php\/wp-json\/wp\/v2\/users\/1"}],"replies":[{"embeddable":true,"href":"https:\/\/traqueursdimages.fr\/index.php\/wp-json\/wp\/v2\/comments?post=79"}],"version-history":[{"count":3,"href":"https:\/\/traqueursdimages.fr\/index.php\/wp-json\/wp\/v2\/pages\/79\/revisions"}],"predecessor-version":[{"id":204,"href":"https:\/\/traqueursdimages.fr\/index.php\/wp-json\/wp\/v2\/pages\/79\/revisions\/204"}],"wp:attachment":[{"href":"https:\/\/traqueursdimages.fr\/index.php\/wp-json\/wp\/v2\/media?parent=79"}],"curies":[{"name":"wp","href":"https:\/\/api.w.org\/{rel}","templated":true}]}}